{"id":38,"date":"2018-09-08T23:41:17","date_gmt":"2018-09-08T23:41:17","guid":{"rendered":"https:\/\/gpsites.co\/marketer\/?page_id=38"},"modified":"2023-03-01T22:38:18","modified_gmt":"2023-03-01T22:38:18","slug":"mejores-herramientas-de-webmarketing","status":"publish","type":"page","link":"https:\/\/www.francescopepe.com\/es\/mejores-herramientas-de-webmarketing\/","title":{"rendered":"Recursos"},"content":{"rendered":"<h2 class=\"wp-block-heading\" id=\"wordpress-per-creare-il-tuo-blog\">WordPress para crear tu blog<\/h2>\n\n\n\n\n<figure class=\"wp-block-image aligncenter size-large\"><a href=\"https:\/\/it.wordpress.org\/\" target=\"_blank\" rel=\"noreferrer noopener\"><img loading=\"lazy\" decoding=\"async\" width=\"150\" height=\"150\" src=\"https:\/\/www.francescopepe.com\/wp-content\/uploads\/2019\/08\/wordpress_logo.png\" alt=\"logo wordpress\" class=\"wp-image-350\"\/><\/a><\/figure>\n\n\n\n\n\n<p>Crear contenidos es lo primero que debes hacer. Da a conocer al mundo tus pasiones y comparte tus habilidades. En <strong><a href=\"https:\/\/it.wordpress.org\/\" target=\"_blank\" rel=\"noreferrer noopener\" aria-label=\"WordPress (se abre en una nueva pesta\u00f1a)\">WordPress<\/a><\/strong> dispondr\u00e1 de una plataforma estable, probada y muy segura para empezar a labrarse su propio espacio en la web.  <\/p>\n\n\n\n\n<h2 class=\"wp-block-heading\" id=\"siteground-per-hosting-e-dominio\">Siteground para alojamiento y dominio<\/h2>\n\n\n\n\n<figure class=\"wp-block-image aligncenter size-large\"><img decoding=\"async\" src=\"https:\/\/www.francescopepe.com\/wp-content\/uploads\/2019\/08\/hosting-wordpress.png\" alt=\"\" class=\"wp-image-447\"\/><\/figure>\n\n\n\n\n\n<p>Para establecer su presencia en l\u00ednea necesitar\u00e1 obviamente un <strong>dominio<\/strong> y un <strong>alojamiento<\/strong> d\u00f3nde alojar su sitio. <strong>SiteGround<\/strong> es uno de los mejores servicios disponibles actualmente en el mercado, con un excelente soporte, servidores r\u00e1pidos y seguros a un precio superior. <\/p>\n\n\n\n\n<h2 class=\"wp-block-heading\" id=\"getresponse-per-lemail-marketing-automation\">GetResponse para la automatizaci\u00f3n del marketing por correo electr\u00f3nico<\/h2>\n\n\n\n\n<figure class=\"wp-block-image aligncenter size-large\"><img loading=\"lazy\" decoding=\"async\" width=\"284\" height=\"159\" src=\"https:\/\/www.francescopepe.com\/wp-content\/uploads\/2019\/08\/getresponse.png\" alt=\"\" class=\"wp-image-451\"\/><\/figure>\n\n\n\n\n\n<p>Si quieres empezar a convertir tu blog en un negocio que genere beneficios, no puedes prescindir de un buen <strong>marketing por correo electr\u00f3nico<\/strong>. <\/p>\n\n\n\n<p>Es la forma m\u00e1s r\u00e1pida, barata y eficaz de empezar a captar nuevos clientes. <strong>GetResponse<\/strong> es uno de los mejores, ofrecido a un precio muy ventajoso. <\/p>\n\n\n\n\n<h2 class=\"wp-block-heading\" id=\"clickfunnels-per-le-landing-pages\">ClickFunnels para p\u00e1ginas de destino<\/h2>\n\n\n\n\n<figure class=\"wp-block-image size-large\"><a href=\"https:\/\/www.clickfunnels.com\/?cf_affiliate_id=22551&amp;aff_sub2=badge\" target=\"_blank\" rel=\"noreferrer noopener nofollow\"><img loading=\"lazy\" decoding=\"async\" width=\"800\" height=\"533\" src=\"https:\/\/www.francescopepe.com\/wp-content\/uploads\/2020\/01\/clickfunnels.jpg\" alt=\"logo clickfunnels\" class=\"wp-image-485\" srcset=\"https:\/\/www.francescopepe.com\/wp-content\/uploads\/2020\/01\/clickfunnels.jpg 800w, https:\/\/www.francescopepe.com\/wp-content\/uploads\/2020\/01\/clickfunnels-300x200.jpg 300w, https:\/\/www.francescopepe.com\/wp-content\/uploads\/2020\/01\/clickfunnels-768x512.jpg 768w\" sizes=\"auto, (max-width: 800px) 100vw, 800px\" \/><\/a><\/figure>\n\n\n\n\n\n<p>Se trata, sin duda, de una potente herramienta que ha hecho la fortuna de muchos profesionales del marketing. Con ClickFunnels puedes crear una p\u00e1gina de destino llamativa en cuesti\u00f3n de minutos, con un sencillo editor de arrastrar y soltar.<\/p>\n\n\n\n<p>No se requieren conocimientos t\u00e9cnicos para crear formularios emergentes, p\u00e1ginas de captaci\u00f3n, imanes de clientes potenciales y mucho m\u00e1s. Puede aumentar su lista de contactos con el m\u00ednimo esfuerzo.<\/p>","protected":false},"excerpt":{"rendered":"<p>WordPress para crear tu blog Siteground para el alojamiento y el dominio GetResponse para la automatizaci\u00f3n del marketing por correo electr\u00f3nico ClickFunnels para las p\u00e1ginas de destino<\/p>","protected":false},"author":1,"featured_media":0,"parent":0,"menu_order":0,"comment_status":"closed","ping_status":"closed","template":"","meta":{"footnotes":""},"class_list":["post-38","page","type-page","status-publish","hentry"],"yoast_head":"<!-- This site is optimized with the Yoast SEO plugin v26.9 - https:\/\/yoast.com\/product\/yoast-seo-wordpress\/ -->\n<title>Risorse - Francesco Pepe<\/title>\n<meta name=\"robots\" content=\"index, follow, max-snippet:-1, max-image-preview:large, max-video-preview:-1\" \/>\n<link rel=\"canonical\" href=\"https:\/\/www.francescopepe.com\/es\/mejores-herramientas-de-webmarketing\/\" \/>\n<meta property=\"og:locale\" content=\"es_ES\" \/>\n<meta property=\"og:type\" content=\"article\" \/>\n<meta property=\"og:title\" content=\"Risorse - Francesco Pepe\" \/>\n<meta property=\"og:description\" content=\"WordPress per creare il tuo blog Siteground per hosting e dominio GetResponse per l&#8217;Email Marketing automation ClickFunnels per le landing pages\" \/>\n<meta property=\"og:url\" content=\"https:\/\/www.francescopepe.com\/es\/mejores-herramientas-de-webmarketing\/\" \/>\n<meta property=\"og:site_name\" content=\"Francesco Pepe\" \/>\n<meta property=\"article:modified_time\" content=\"2023-03-01T22:38:18+00:00\" \/>\n<meta property=\"og:image\" content=\"https:\/\/www.francescopepe.com\/wp-content\/uploads\/2019\/08\/wordpress_logo.png\" \/>\n<meta name=\"twitter:card\" content=\"summary_large_image\" \/>\n<meta name=\"twitter:label1\" content=\"Tiempo de lectura\" \/>\n\t<meta name=\"twitter:data1\" content=\"2 minutos\" \/>\n<script type=\"application\/ld+json\" class=\"yoast-schema-graph\">{\"@context\":\"https:\/\/schema.org\",\"@graph\":[{\"@type\":\"WebPage\",\"@id\":\"https:\/\/www.francescopepe.com\/migliori-strumenti-webmarketing\/\",\"url\":\"https:\/\/www.francescopepe.com\/migliori-strumenti-webmarketing\/\",\"name\":\"Risorse - Francesco Pepe\",\"isPartOf\":{\"@id\":\"https:\/\/www.francescopepe.com\/#website\"},\"primaryImageOfPage\":{\"@id\":\"https:\/\/www.francescopepe.com\/migliori-strumenti-webmarketing\/#primaryimage\"},\"image\":{\"@id\":\"https:\/\/www.francescopepe.com\/migliori-strumenti-webmarketing\/#primaryimage\"},\"thumbnailUrl\":\"https:\/\/www.francescopepe.com\/wp-content\/uploads\/2019\/08\/wordpress_logo.png\",\"datePublished\":\"2018-09-08T23:41:17+00:00\",\"dateModified\":\"2023-03-01T22:38:18+00:00\",\"breadcrumb\":{\"@id\":\"https:\/\/www.francescopepe.com\/migliori-strumenti-webmarketing\/#breadcrumb\"},\"inLanguage\":\"es\",\"potentialAction\":[{\"@type\":\"ReadAction\",\"target\":[\"https:\/\/www.francescopepe.com\/migliori-strumenti-webmarketing\/\"]}]},{\"@type\":\"ImageObject\",\"inLanguage\":\"es\",\"@id\":\"https:\/\/www.francescopepe.com\/migliori-strumenti-webmarketing\/#primaryimage\",\"url\":\"https:\/\/www.francescopepe.com\/wp-content\/uploads\/2019\/08\/wordpress_logo.png\",\"contentUrl\":\"https:\/\/www.francescopepe.com\/wp-content\/uploads\/2019\/08\/wordpress_logo.png\"},{\"@type\":\"BreadcrumbList\",\"@id\":\"https:\/\/www.francescopepe.com\/migliori-strumenti-webmarketing\/#breadcrumb\",\"itemListElement\":[{\"@type\":\"ListItem\",\"position\":1,\"name\":\"Home\",\"item\":\"https:\/\/www.francescopepe.com\/\"},{\"@type\":\"ListItem\",\"position\":2,\"name\":\"Risorse\"}]},{\"@type\":\"WebSite\",\"@id\":\"https:\/\/www.francescopepe.com\/#website\",\"url\":\"https:\/\/www.francescopepe.com\/\",\"name\":\"Francesco Pepe\",\"description\":\"Coding e digital marketing\",\"publisher\":{\"@id\":\"https:\/\/www.francescopepe.com\/#organization\"},\"potentialAction\":[{\"@type\":\"SearchAction\",\"target\":{\"@type\":\"EntryPoint\",\"urlTemplate\":\"https:\/\/www.francescopepe.com\/?s={search_term_string}\"},\"query-input\":{\"@type\":\"PropertyValueSpecification\",\"valueRequired\":true,\"valueName\":\"search_term_string\"}}],\"inLanguage\":\"es\"},{\"@type\":\"Organization\",\"@id\":\"https:\/\/www.francescopepe.com\/#organization\",\"name\":\"Francesco Pepe\",\"url\":\"https:\/\/www.francescopepe.com\/\",\"logo\":{\"@type\":\"ImageObject\",\"inLanguage\":\"es\",\"@id\":\"https:\/\/www.francescopepe.com\/#\/schema\/logo\/image\/\",\"url\":\"https:\/\/www.francescopepe.com\/wp-content\/uploads\/2024\/04\/fp-logo.png\",\"contentUrl\":\"https:\/\/www.francescopepe.com\/wp-content\/uploads\/2024\/04\/fp-logo.png\",\"width\":1250,\"height\":1250,\"caption\":\"Francesco Pepe\"},\"image\":{\"@id\":\"https:\/\/www.francescopepe.com\/#\/schema\/logo\/image\/\"}}]}<\/script>\n<!-- \/ Yoast SEO plugin. -->","yoast_head_json":{"title":"Recursos - Francesco Pepe","robots":{"index":"index","follow":"follow","max-snippet":"max-snippet:-1","max-image-preview":"max-image-preview:large","max-video-preview":"max-video-preview:-1"},"canonical":"https:\/\/www.francescopepe.com\/es\/mejores-herramientas-de-webmarketing\/","og_locale":"es_ES","og_type":"article","og_title":"Risorse - Francesco Pepe","og_description":"WordPress per creare il tuo blog Siteground per hosting e dominio GetResponse per l&#8217;Email Marketing automation ClickFunnels per le landing pages","og_url":"https:\/\/www.francescopepe.com\/es\/mejores-herramientas-de-webmarketing\/","og_site_name":"Francesco Pepe","article_modified_time":"2023-03-01T22:38:18+00:00","og_image":[{"url":"https:\/\/www.francescopepe.com\/wp-content\/uploads\/2019\/08\/wordpress_logo.png","type":"","width":"","height":""}],"twitter_card":"summary_large_image","twitter_misc":{"Tiempo de lectura":"2 minutos"},"schema":{"@context":"https:\/\/schema.org","@graph":[{"@type":"WebPage","@id":"https:\/\/www.francescopepe.com\/migliori-strumenti-webmarketing\/","url":"https:\/\/www.francescopepe.com\/migliori-strumenti-webmarketing\/","name":"Recursos - Francesco Pepe","isPartOf":{"@id":"https:\/\/www.francescopepe.com\/#website"},"primaryImageOfPage":{"@id":"https:\/\/www.francescopepe.com\/migliori-strumenti-webmarketing\/#primaryimage"},"image":{"@id":"https:\/\/www.francescopepe.com\/migliori-strumenti-webmarketing\/#primaryimage"},"thumbnailUrl":"https:\/\/www.francescopepe.com\/wp-content\/uploads\/2019\/08\/wordpress_logo.png","datePublished":"2018-09-08T23:41:17+00:00","dateModified":"2023-03-01T22:38:18+00:00","breadcrumb":{"@id":"https:\/\/www.francescopepe.com\/migliori-strumenti-webmarketing\/#breadcrumb"},"inLanguage":"es","potentialAction":[{"@type":"ReadAction","target":["https:\/\/www.francescopepe.com\/migliori-strumenti-webmarketing\/"]}]},{"@type":"ImageObject","inLanguage":"es","@id":"https:\/\/www.francescopepe.com\/migliori-strumenti-webmarketing\/#primaryimage","url":"https:\/\/www.francescopepe.com\/wp-content\/uploads\/2019\/08\/wordpress_logo.png","contentUrl":"https:\/\/www.francescopepe.com\/wp-content\/uploads\/2019\/08\/wordpress_logo.png"},{"@type":"BreadcrumbList","@id":"https:\/\/www.francescopepe.com\/migliori-strumenti-webmarketing\/#breadcrumb","itemListElement":[{"@type":"ListItem","position":1,"name":"Home","item":"https:\/\/www.francescopepe.com\/"},{"@type":"ListItem","position":2,"name":"Risorse"}]},{"@type":"WebSite","@id":"https:\/\/www.francescopepe.com\/#website","url":"https:\/\/www.francescopepe.com\/","name":"Francesco Pepe","description":"Codificaci\u00f3n y marketing digital","publisher":{"@id":"https:\/\/www.francescopepe.com\/#organization"},"potentialAction":[{"@type":"SearchAction","target":{"@type":"EntryPoint","urlTemplate":"https:\/\/www.francescopepe.com\/?s={search_term_string}"},"query-input":{"@type":"PropertyValueSpecification","valueRequired":true,"valueName":"search_term_string"}}],"inLanguage":"es"},{"@type":"Organization","@id":"https:\/\/www.francescopepe.com\/#organization","name":"Francesco Pepe","url":"https:\/\/www.francescopepe.com\/","logo":{"@type":"ImageObject","inLanguage":"es","@id":"https:\/\/www.francescopepe.com\/#\/schema\/logo\/image\/","url":"https:\/\/www.francescopepe.com\/wp-content\/uploads\/2024\/04\/fp-logo.png","contentUrl":"https:\/\/www.francescopepe.com\/wp-content\/uploads\/2024\/04\/fp-logo.png","width":1250,"height":1250,"caption":"Francesco Pepe"},"image":{"@id":"https:\/\/www.francescopepe.com\/#\/schema\/logo\/image\/"}}]}},"_links":{"self":[{"href":"https:\/\/www.francescopepe.com\/es\/wp-json\/wp\/v2\/pages\/38","targetHints":{"allow":["GET"]}}],"collection":[{"href":"https:\/\/www.francescopepe.com\/es\/wp-json\/wp\/v2\/pages"}],"about":[{"href":"https:\/\/www.francescopepe.com\/es\/wp-json\/wp\/v2\/types\/page"}],"author":[{"embeddable":true,"href":"https:\/\/www.francescopepe.com\/es\/wp-json\/wp\/v2\/users\/1"}],"replies":[{"embeddable":true,"href":"https:\/\/www.francescopepe.com\/es\/wp-json\/wp\/v2\/comments?post=38"}],"version-history":[{"count":5,"href":"https:\/\/www.francescopepe.com\/es\/wp-json\/wp\/v2\/pages\/38\/revisions"}],"predecessor-version":[{"id":680,"href":"https:\/\/www.francescopepe.com\/es\/wp-json\/wp\/v2\/pages\/38\/revisions\/680"}],"wp:attachment":[{"href":"https:\/\/www.francescopepe.com\/es\/wp-json\/wp\/v2\/media?parent=38"}],"curies":[{"name":"wp","href":"https:\/\/api.w.org\/{rel}","templated":true}]}}